{"id":2588,"date":"2022-08-30T19:37:50","date_gmt":"2022-08-30T22:37:50","guid":{"rendered":"https:\/\/felizmic.com.ar\/demo\/?post_type=product&#038;p=2588"},"modified":"2022-09-09T15:13:02","modified_gmt":"2022-09-09T18:13:02","slug":"clases-presenciales-regulares-septiembre","status":"publish","type":"product","link":"https:\/\/felizmic.com.ar\/demo\/shop\/taller\/clases-presenciales-regulares-septiembre\/","title":{"rendered":"Clases Presenciales Octubre &#8211; Valor mensual $5000 &#8211;"},"content":{"rendered":"<p>Feliz<strong> Mic <em>Taller de Cer\u00e1mica<\/em><\/strong><\/p>\n<p><strong>Gu\u00eda responsable para el uso y disfrute del taller<\/strong><\/p>\n<p><em><u>V\u00e1lido desde Octubre 2022<\/u><\/em><\/p>\n<p><strong><u>\u00bfQue incluye el taller de Feliz Mic?<\/u><\/strong><\/p>\n<p>El taller de Feliz Mic es de <strong>cer\u00e1mica libre y manual.<\/strong><\/p>\n<p>Libre, porque no hay tama\u00f1o ni l\u00edmites para tus creaciones, y manual porque se trabaja desde el modelado con diferentes t\u00e9cnicas de construcci\u00f3n.<\/p>\n<p>La arcilla trabajada es pasta blanca (pl\u00e1stica) y tendr\u00e1s opci\u00f3n de realizar 1 molde con barbotina por mes (no es acumulable). Las gu\u00edas organizar\u00e1n uso.<\/p>\n<p>El taller cuenta con torno el\u00e9ctrico. El uso del mismo se consulta con las gu\u00edas a cargo de la clase y la limpieza del mismo es indispensable para su correcto funcionamiento y sostenibilidad en el futuro.<\/p>\n<p>La arcilla roja tiene costo extra. Su valor actualizado se informar\u00e1 en el taller.<\/p>\n<p><strong><u>\u00bfcu\u00e1nto vale el taller? \u00bfC\u00f3mo puedo abonar?<\/u><\/strong><\/p>\n<p>El taller tiene un valor mensual que se abonan del 1 al 10 de cada mes o del 20 al 25, detallado m\u00e1s abajo.<\/p>\n<p><u>El valor mensual incluye 4 clases.<\/u> En el caso de meses excepcionales que tengan 5 clases, esa se abonar\u00e1 a principio de mes o llegada la misma. El valor es el proporcional a lo que vale cada clase. (Ejemplo: Monto $5000 \/4 clases = $1250 valor clase)<\/p>\n<p>En caso de un mes excepcional con 2 feriados, recordar que el valor m\u00ednimo del taller ser\u00e1 siempre por 4 clases, debiendo el alumnx recuperar como m\u00ednimo 1 de los 2 feriados, ya sea de manera presencial o con cer\u00e1mica en casa.<\/p>\n<p><strong>Formas de pago<\/strong>:<\/p>\n<ul>\n<li>Efectivo<\/li>\n<li>En caso de pago por transferencia el calcular 5% m\u00e1s<\/li>\n<\/ul>\n<p>En caso de abonar por transferencia bancaria, por favor enviar el comprobante a tu grupo de WhatsApp. El pago ser\u00e1 computado una vez enviado el mismo.<\/p>\n<p>Los aumentos programados para este a\u00f1o son los siguientes:<\/p>\n<p><em><u>A partir de Octubre 2022<\/u><\/em>: $5000<\/p>\n<p><em><u>Clases Sueltas<\/u><\/em>: $1900<\/p>\n<p><strong><u>Ausencias<\/u><\/strong><\/p>\n<p><em>Las ausencias deber\u00e1n ser avisadas con un m\u00ednimo de 24hs al d\u00eda de la clase. <\/em><\/p>\n<p><strong>Clase presencial<\/strong>: Ante alguna ausencia avisada con antelaci\u00f3n, lxs alumnxs podr\u00e1n recuperar las clases en los horarios disponibles que ofrezcan las guias, siempre <u>dentro del mes en curso.<\/u><\/p>\n<p><u>Las ausencias en la \u00faltima semana del mes, pueden recuperarse al mes siguiente sin excepci\u00f3n.<\/u><\/p>\n<p><strong>Material para trabajar desde casa:<\/strong> Ante alguna ausencia avisada con antelaci\u00f3n, lxs alumnxs podr\u00e1n recuperar la clase de manera presencial o solicitar 500g de arcilla, en la clase posterior a su ausencia. La horneada de bizcocho de esas piezas estar\u00e1 cubierta durante 30 d\u00edas.<\/p>\n<p><strong>Feriados<\/strong>: \u00a0Los d\u00edas feriados el taller no dictar\u00e1 clases. Las guias advertir\u00e1n esto a principio de mes y ofrecer\u00e1n la alternativa de recuperar presencialmente (sujeto a horarios y lugares disponibles) o entregar\u00e1n 500g de arcilla para trabajar desde \u00a0casa. La horneada de bizcocho de esas piezas estar\u00e1 cubierta durante 30 d\u00edas.<\/p>\n<p><strong>Vacaciones<\/strong>: las ausencias por vacaciones deben ser previamente avisadas a cada guia. El pago del taller seguir\u00e1 siendo mensual y en reemplazo de las clases no tomadas, se les ofrecer\u00e1 recuperar presencialmente (seg\u00fan horarios y lugares disponibles) o se entregar\u00e1 500g de arcilla por cada clase, para trabajar piezas desde casa. La horneada de bizcocho de esas piezas estar\u00e1 cubierta durante 30 d\u00edas.<\/p>\n<p><em>Si consideras no continuar viniendo al taller, por favor avisanos con el mayor tiempo posible, as\u00ed podemos publicar ese horario para sumar a otra persona interesada.<\/em><\/p>\n<p><strong><u>Piezas<\/u><\/strong><\/p>\n<p><em>Es indispensable que todas las piezas tengan nombre y apell<\/em>ido claras para que las sepas identificar y las gu\u00edas tambi\u00e9n. Si esto no es claro y no podemos identificar que son tus piezas, las mismas ser\u00e1n donadas al resto de los alumnos para su continuidad.<\/p>\n<p>Es muy importante que, si dejas de asistir al taller, puedas comunicarlo para que podamos separar las piezas que te corresponden y avisarte para que las vengas a retirar.<\/p>\n<p>En caso que te ausentes por vacaciones o tu periodo de licencia se extienda, por favor revis\u00e1 bien las estanter\u00edas para que no queden piezas abandonadas. Ten\u00e9 en cuenta que pasados 30 d\u00edas, las piezas que no hayan sido continuadas o retiradas ser\u00e1n donadas a alumnxs del taller para su seguimiento. NO SER\u00c1 POSIBLE GUARDAR EN EL TALLER PIEZAS QUE SUPEREN ESE PERIODO.<\/p>\n<p>Tambi\u00e9n ser\u00e1 importante revisar si dejaste piezas en proceso (en bolsas), para que no se sequen.<\/p>\n<p><strong>IMPORTANTE. \u00a1MUY!<\/strong>\u00a1En el taller de FelizMic no hay l\u00edmites de tama\u00f1os para tus creaciones! Valoramos que entiendas que les damos las mismas posibilidades a todos y por eso las horneadas son por orden en que van siendo terminadas, y que, dependiendo de los grosores, tama\u00f1os y delicadeza, algunas piezas estar\u00e1n esperando m\u00e1s tiempo que otras para ingresar al horno, para que no corran riesgos.<\/p>\n<p>Tambi\u00e9n es importante que, si eleg\u00eds hacer en el taller un juego de vajilla, y decid\u00eds pintar todas las piezas juntas, te vayas llevando los bizcochos que van saliendo del horno y cuando hayas juntado todo, lo traigas para pintar.<\/p>\n<p><strong><u>Materia Prima | Herramientas y materiales<\/u><\/strong><\/p>\n<p>Para el uso de los elementos de trabajo, es importante limpiar y cuidar cada herramienta que usemos. Las guias explicaran el correcto uso de todos los elementos y espacios del taller.<\/p>\n<p>Es responsabilidad de cada alumnx que encontremos y dejemos herramientas y espacio en condiciones para el grupo siguiente.<\/p>\n<p><strong>Uso consciente de la arcilla. <\/strong>La arcilla es un recurso natural y no renovable. Usemos conscientemente de ella, entendiendo que parte de la actividad tambi\u00e9n consiste en reciclarla, humedecerla, amasarla y acondicionarla para el siguiente uso. Por ello, por favor estemos atentxs a ver si hay bolsas abiertas de arcilla, antes de abrir una bolsa nueva.<\/p>\n<p>&nbsp;<\/p>\n<p><strong>Venta de herramientas\/pasta\/esmalte\/pigmentos\/engobes- consultar disponibilidad y precios<\/strong><\/p>\n","protected":false},"excerpt":{"rendered":"<p>*Valor de la se\u00f1a<\/p>\n","protected":false},"featured_media":2640,"template":"","meta":[],"product_cat":[64],"product_tag":[],"class_list":["post-2588","product","type-product","status-publish","has-post-thumbnail","hentry","product_cat-taller"],"_links":{"self":[{"href":"https:\/\/felizmic.com.ar\/demo\/wp-json\/wp\/v2\/product\/2588","targetHints":{"allow":["GET"]}}],"collection":[{"href":"https:\/\/felizmic.com.ar\/demo\/wp-json\/wp\/v2\/product"}],"about":[{"href":"https:\/\/felizmic.com.ar\/demo\/wp-json\/wp\/v2\/types\/product"}],"wp:featuredmedia":[{"embeddable":true,"href":"https:\/\/felizmic.com.ar\/demo\/wp-json\/wp\/v2\/media\/2640"}],"wp:attachment":[{"href":"https:\/\/felizmic.com.ar\/demo\/wp-json\/wp\/v2\/media?parent=2588"}],"wp:term":[{"taxonomy":"product_cat","embeddable":true,"href":"https:\/\/felizmic.com.ar\/demo\/wp-json\/wp\/v2\/product_cat?post=2588"},{"taxonomy":"product_tag","embeddable":true,"href":"https:\/\/felizmic.com.ar\/demo\/wp-json\/wp\/v2\/product_tag?post=2588"}],"curies":[{"name":"wp","href":"https:\/\/api.w.org\/{rel}","templated":true}]}}